{"id":369,"date":"2025-10-06T12:43:06","date_gmt":"2025-10-06T12:43:06","guid":{"rendered":"https:\/\/alanlagunjonok23.thkit.ee\/wp\/?page_id=369"},"modified":"2025-10-06T12:43:07","modified_gmt":"2025-10-06T12:43:07","slug":"nuppu-loomine-excelis","status":"publish","type":"page","link":"https:\/\/alanlagunjonok23.thkit.ee\/wp\/nuppu-loomine-excelis\/","title":{"rendered":"Nuppu loomine excelis"},"content":{"rendered":"\n<p>Ma n\u00e4itan teile, kuidas nuppu luua.<\/p>\n\n\n\n<ol class=\"wp-block-list\">\n<li>Kl\u00f5psake &#8220;arendaja&#8221;, p\u00e4rast kl\u00f5psake &#8220;lisa&#8221;:<\/li>\n<\/ol>\n\n\n\n<figure class=\"wp-block-image size-full is-resized\"><img decoding=\"async\" width=\"356\" height=\"122\" src=\"https:\/\/alanlagunjonok23.thkit.ee\/wp\/wp-content\/uploads\/2025\/10\/78B60A8C-FC76-42CB-8EBF-67D29CFC9553.png\" alt=\"\" class=\"wp-image-370\" style=\"width:344px;height:auto\" srcset=\"https:\/\/alanlagunjonok23.thkit.ee\/wp\/wp-content\/uploads\/2025\/10\/78B60A8C-FC76-42CB-8EBF-67D29CFC9553.png 356w, https:\/\/alanlagunjonok23.thkit.ee\/wp\/wp-content\/uploads\/2025\/10\/78B60A8C-FC76-42CB-8EBF-67D29CFC9553-300x103.png 300w\" sizes=\"(max-width: 356px) 100vw, 356px\" \/><\/figure>\n\n\n\n<p>2. Kl\u00f5psake esimesel ikoonil:<\/p>\n\n\n\n<figure class=\"wp-block-image size-full\"><img decoding=\"async\" width=\"150\" height=\"138\" src=\"https:\/\/alanlagunjonok23.thkit.ee\/wp\/wp-content\/uploads\/2025\/10\/3DA40060-E748-4921-A70E-253F43B57701.png\" alt=\"\" class=\"wp-image-371\"\/><\/figure>\n\n\n\n<p>3. Valige protseduur, mida soovite kasutada.<\/p>\n\n\n\n<figure class=\"wp-block-image size-full is-resized\"><img fetchpriority=\"high\" decoding=\"async\" width=\"396\" height=\"350\" src=\"https:\/\/alanlagunjonok23.thkit.ee\/wp\/wp-content\/uploads\/2025\/10\/63A30953-7FB2-4EDB-9BAF-5476D4C6E3C9.png\" alt=\"\" class=\"wp-image-372\" style=\"width:275px;height:auto\" srcset=\"https:\/\/alanlagunjonok23.thkit.ee\/wp\/wp-content\/uploads\/2025\/10\/63A30953-7FB2-4EDB-9BAF-5476D4C6E3C9.png 396w, https:\/\/alanlagunjonok23.thkit.ee\/wp\/wp-content\/uploads\/2025\/10\/63A30953-7FB2-4EDB-9BAF-5476D4C6E3C9-300x265.png 300w\" sizes=\"(max-width: 396px) 100vw, 396px\" \/><\/figure>\n\n\n\n<p>4. N\u00fc\u00fcd on sul nupp:<\/p>\n\n\n\n<figure class=\"wp-block-image size-full\"><img loading=\"lazy\" decoding=\"async\" width=\"100\" height=\"60\" src=\"https:\/\/alanlagunjonok23.thkit.ee\/wp\/wp-content\/uploads\/2025\/10\/52CFD9D5-7749-419C-9C3E-9566FDDB9167.png\" alt=\"\" class=\"wp-image-373\"\/><\/figure>\n\n\n\n<p><\/p>\n","protected":false},"excerpt":{"rendered":"<p>Ma n\u00e4itan teile, kuidas nuppu luua. 2. Kl\u00f5psake esimesel ikoonil: 3. Valige protseduur, mida soovite kasutada. 4. N\u00fc\u00fcd on sul nupp:<\/p>\n","protected":false},"author":1,"featured_media":0,"parent":0,"menu_order":0,"comment_status":"closed","ping_status":"closed","template":"","meta":{"footnotes":""},"class_list":["post-369","page","type-page","status-publish","hentry"],"yoast_head":"<!-- This site is optimized with the Yoast SEO plugin v27.3 - https:\/\/yoast.com\/product\/yoast-seo-wordpress\/ -->\n<title>Nuppu loomine excelis - Alan portfoolio<\/title>\n<meta name=\"robots\" content=\"index, follow, max-snippet:-1, max-image-preview:large, max-video-preview:-1\" \/>\n<link rel=\"canonical\" href=\"https:\/\/alanlagunjonok23.thkit.ee\/wp\/nuppu-loomine-excelis\/\" \/>\n<meta property=\"og:locale\" content=\"et_EE\" \/>\n<meta property=\"og:type\" content=\"article\" \/>\n<meta property=\"og:title\" content=\"Nuppu loomine excelis - Alan portfoolio\" \/>\n<meta property=\"og:description\" content=\"Ma n\u00e4itan teile, kuidas nuppu luua. 2. Kl\u00f5psake esimesel ikoonil: 3. Valige protseduur, mida soovite kasutada. 4. N\u00fc\u00fcd on sul nupp:\" \/>\n<meta property=\"og:url\" content=\"https:\/\/alanlagunjonok23.thkit.ee\/wp\/nuppu-loomine-excelis\/\" \/>\n<meta property=\"og:site_name\" content=\"Alan portfoolio\" \/>\n<meta property=\"article:modified_time\" content=\"2025-10-06T12:43:07+00:00\" \/>\n<meta property=\"og:image\" content=\"https:\/\/alanlagunjonok23.thkit.ee\/wp\/wp-content\/uploads\/2025\/10\/78B60A8C-FC76-42CB-8EBF-67D29CFC9553.png\" \/>\n\t<meta property=\"og:image:width\" content=\"356\" \/>\n\t<meta property=\"og:image:height\" content=\"122\" \/>\n\t<meta property=\"og:image:type\" content=\"image\/png\" \/>\n<meta name=\"twitter:card\" content=\"summary_large_image\" \/>\n<meta name=\"twitter:label1\" content=\"Est. reading time\" \/>\n\t<meta name=\"twitter:data1\" content=\"1 minut\" \/>\n<script type=\"application\/ld+json\" class=\"yoast-schema-graph\">{\"@context\":\"https:\\\/\\\/schema.org\",\"@graph\":[{\"@type\":\"WebPage\",\"@id\":\"https:\\\/\\\/alanlagunjonok23.thkit.ee\\\/wp\\\/nuppu-loomine-excelis\\\/\",\"url\":\"https:\\\/\\\/alanlagunjonok23.thkit.ee\\\/wp\\\/nuppu-loomine-excelis\\\/\",\"name\":\"Nuppu loomine excelis - Alan portfoolio\",\"isPartOf\":{\"@id\":\"https:\\\/\\\/alanlagunjonok23.thkit.ee\\\/wp\\\/#website\"},\"primaryImageOfPage\":{\"@id\":\"https:\\\/\\\/alanlagunjonok23.thkit.ee\\\/wp\\\/nuppu-loomine-excelis\\\/#primaryimage\"},\"image\":{\"@id\":\"https:\\\/\\\/alanlagunjonok23.thkit.ee\\\/wp\\\/nuppu-loomine-excelis\\\/#primaryimage\"},\"thumbnailUrl\":\"https:\\\/\\\/alanlagunjonok23.thkit.ee\\\/wp\\\/wp-content\\\/uploads\\\/2025\\\/10\\\/78B60A8C-FC76-42CB-8EBF-67D29CFC9553.png\",\"datePublished\":\"2025-10-06T12:43:06+00:00\",\"dateModified\":\"2025-10-06T12:43:07+00:00\",\"breadcrumb\":{\"@id\":\"https:\\\/\\\/alanlagunjonok23.thkit.ee\\\/wp\\\/nuppu-loomine-excelis\\\/#breadcrumb\"},\"inLanguage\":\"et\",\"potentialAction\":[{\"@type\":\"ReadAction\",\"target\":[\"https:\\\/\\\/alanlagunjonok23.thkit.ee\\\/wp\\\/nuppu-loomine-excelis\\\/\"]}]},{\"@type\":\"ImageObject\",\"inLanguage\":\"et\",\"@id\":\"https:\\\/\\\/alanlagunjonok23.thkit.ee\\\/wp\\\/nuppu-loomine-excelis\\\/#primaryimage\",\"url\":\"https:\\\/\\\/alanlagunjonok23.thkit.ee\\\/wp\\\/wp-content\\\/uploads\\\/2025\\\/10\\\/78B60A8C-FC76-42CB-8EBF-67D29CFC9553.png\",\"contentUrl\":\"https:\\\/\\\/alanlagunjonok23.thkit.ee\\\/wp\\\/wp-content\\\/uploads\\\/2025\\\/10\\\/78B60A8C-FC76-42CB-8EBF-67D29CFC9553.png\",\"width\":356,\"height\":122},{\"@type\":\"BreadcrumbList\",\"@id\":\"https:\\\/\\\/alanlagunjonok23.thkit.ee\\\/wp\\\/nuppu-loomine-excelis\\\/#breadcrumb\",\"itemListElement\":[{\"@type\":\"ListItem\",\"position\":1,\"name\":\"Home\",\"item\":\"https:\\\/\\\/alanlagunjonok23.thkit.ee\\\/wp\\\/\"},{\"@type\":\"ListItem\",\"position\":2,\"name\":\"Nuppu loomine excelis\"}]},{\"@type\":\"WebSite\",\"@id\":\"https:\\\/\\\/alanlagunjonok23.thkit.ee\\\/wp\\\/#website\",\"url\":\"https:\\\/\\\/alanlagunjonok23.thkit.ee\\\/wp\\\/\",\"name\":\"Alan portfoolio\",\"description\":\"T&ouml;&ouml;stusinformaatika eriala &otilde;pimapp\",\"potentialAction\":[{\"@type\":\"SearchAction\",\"target\":{\"@type\":\"EntryPoint\",\"urlTemplate\":\"https:\\\/\\\/alanlagunjonok23.thkit.ee\\\/wp\\\/?s={search_term_string}\"},\"query-input\":{\"@type\":\"PropertyValueSpecification\",\"valueRequired\":true,\"valueName\":\"search_term_string\"}}],\"inLanguage\":\"et\"}]}<\/script>\n<!-- \/ Yoast SEO plugin. -->","yoast_head_json":{"title":"Nuppu loomine excelis - Alan portfoolio","robots":{"index":"index","follow":"follow","max-snippet":"max-snippet:-1","max-image-preview":"max-image-preview:large","max-video-preview":"max-video-preview:-1"},"canonical":"https:\/\/alanlagunjonok23.thkit.ee\/wp\/nuppu-loomine-excelis\/","og_locale":"et_EE","og_type":"article","og_title":"Nuppu loomine excelis - Alan portfoolio","og_description":"Ma n\u00e4itan teile, kuidas nuppu luua. 2. Kl\u00f5psake esimesel ikoonil: 3. Valige protseduur, mida soovite kasutada. 4. N\u00fc\u00fcd on sul nupp:","og_url":"https:\/\/alanlagunjonok23.thkit.ee\/wp\/nuppu-loomine-excelis\/","og_site_name":"Alan portfoolio","article_modified_time":"2025-10-06T12:43:07+00:00","og_image":[{"width":356,"height":122,"url":"https:\/\/alanlagunjonok23.thkit.ee\/wp\/wp-content\/uploads\/2025\/10\/78B60A8C-FC76-42CB-8EBF-67D29CFC9553.png","type":"image\/png"}],"twitter_card":"summary_large_image","twitter_misc":{"Est. reading time":"1 minut"},"schema":{"@context":"https:\/\/schema.org","@graph":[{"@type":"WebPage","@id":"https:\/\/alanlagunjonok23.thkit.ee\/wp\/nuppu-loomine-excelis\/","url":"https:\/\/alanlagunjonok23.thkit.ee\/wp\/nuppu-loomine-excelis\/","name":"Nuppu loomine excelis - Alan portfoolio","isPartOf":{"@id":"https:\/\/alanlagunjonok23.thkit.ee\/wp\/#website"},"primaryImageOfPage":{"@id":"https:\/\/alanlagunjonok23.thkit.ee\/wp\/nuppu-loomine-excelis\/#primaryimage"},"image":{"@id":"https:\/\/alanlagunjonok23.thkit.ee\/wp\/nuppu-loomine-excelis\/#primaryimage"},"thumbnailUrl":"https:\/\/alanlagunjonok23.thkit.ee\/wp\/wp-content\/uploads\/2025\/10\/78B60A8C-FC76-42CB-8EBF-67D29CFC9553.png","datePublished":"2025-10-06T12:43:06+00:00","dateModified":"2025-10-06T12:43:07+00:00","breadcrumb":{"@id":"https:\/\/alanlagunjonok23.thkit.ee\/wp\/nuppu-loomine-excelis\/#breadcrumb"},"inLanguage":"et","potentialAction":[{"@type":"ReadAction","target":["https:\/\/alanlagunjonok23.thkit.ee\/wp\/nuppu-loomine-excelis\/"]}]},{"@type":"ImageObject","inLanguage":"et","@id":"https:\/\/alanlagunjonok23.thkit.ee\/wp\/nuppu-loomine-excelis\/#primaryimage","url":"https:\/\/alanlagunjonok23.thkit.ee\/wp\/wp-content\/uploads\/2025\/10\/78B60A8C-FC76-42CB-8EBF-67D29CFC9553.png","contentUrl":"https:\/\/alanlagunjonok23.thkit.ee\/wp\/wp-content\/uploads\/2025\/10\/78B60A8C-FC76-42CB-8EBF-67D29CFC9553.png","width":356,"height":122},{"@type":"BreadcrumbList","@id":"https:\/\/alanlagunjonok23.thkit.ee\/wp\/nuppu-loomine-excelis\/#breadcrumb","itemListElement":[{"@type":"ListItem","position":1,"name":"Home","item":"https:\/\/alanlagunjonok23.thkit.ee\/wp\/"},{"@type":"ListItem","position":2,"name":"Nuppu loomine excelis"}]},{"@type":"WebSite","@id":"https:\/\/alanlagunjonok23.thkit.ee\/wp\/#website","url":"https:\/\/alanlagunjonok23.thkit.ee\/wp\/","name":"Alan portfoolio","description":"T&ouml;&ouml;stusinformaatika eriala &otilde;pimapp","potentialAction":[{"@type":"SearchAction","target":{"@type":"EntryPoint","urlTemplate":"https:\/\/alanlagunjonok23.thkit.ee\/wp\/?s={search_term_string}"},"query-input":{"@type":"PropertyValueSpecification","valueRequired":true,"valueName":"search_term_string"}}],"inLanguage":"et"}]}},"jetpack_sharing_enabled":true,"_links":{"self":[{"href":"https:\/\/alanlagunjonok23.thkit.ee\/wp\/wp-json\/wp\/v2\/pages\/369","targetHints":{"allow":["GET"]}}],"collection":[{"href":"https:\/\/alanlagunjonok23.thkit.ee\/wp\/wp-json\/wp\/v2\/pages"}],"about":[{"href":"https:\/\/alanlagunjonok23.thkit.ee\/wp\/wp-json\/wp\/v2\/types\/page"}],"author":[{"embeddable":true,"href":"https:\/\/alanlagunjonok23.thkit.ee\/wp\/wp-json\/wp\/v2\/users\/1"}],"replies":[{"embeddable":true,"href":"https:\/\/alanlagunjonok23.thkit.ee\/wp\/wp-json\/wp\/v2\/comments?post=369"}],"version-history":[{"count":1,"href":"https:\/\/alanlagunjonok23.thkit.ee\/wp\/wp-json\/wp\/v2\/pages\/369\/revisions"}],"predecessor-version":[{"id":374,"href":"https:\/\/alanlagunjonok23.thkit.ee\/wp\/wp-json\/wp\/v2\/pages\/369\/revisions\/374"}],"wp:attachment":[{"href":"https:\/\/alanlagunjonok23.thkit.ee\/wp\/wp-json\/wp\/v2\/media?parent=369"}],"curies":[{"name":"wp","href":"https:\/\/api.w.org\/{rel}","templated":true}]}}